{"id":1209,"date":"2022-05-06T11:37:24","date_gmt":"2022-05-06T14:37:24","guid":{"rendered":"https:\/\/qrnogoli.com.ar\/?page_id=1209"},"modified":"2022-05-09T13:59:59","modified_gmt":"2022-05-09T16:59:59","slug":"eventos","status":"publish","type":"page","link":"https:\/\/qrnogoli.com.ar\/index.php\/eventos\/","title":{"rendered":"Eventos"},"content":{"rendered":"\t\t<div data-elementor-type=\"wp-page\" data-elementor-id=\"1209\" class=\"elementor elementor-1209\">\n\t\t\t\t\t\t<div class=\"elementor-inner\">\n\t\t\t\t<div class=\"elementor-section-wrap\">\n\t\t\t\t\t\t\t\t\t<section class=\"elementor-section elementor-top-section elementor-element elementor-element-01fd637 elementor-section-boxed elementor-section-height-default elementor-section-height-default\" data-id=\"01fd637\" data-element_type=\"section\">\n\t\t\t\t\t\t<div class=\"elementor-container elementor-column-gap-default\">\n\t\t\t\t\t\t\t<div class=\"elementor-row\">\n\t\t\t\t\t<div class=\"elementor-column elementor-col-100 elementor-top-column elementor-element elementor-element-a648478\" data-id=\"a648478\" data-element_type=\"column\">\n\t\t\t<div class=\"elementor-column-wrap elementor-element-populated\">\n\t\t\t\t\t\t\t<div class=\"elementor-widget-wrap\">\n\t\t\t\t\t\t<div class=\"elementor-element elementor-element-7fb2f9b elementor-widget elementor-widget-heading\" data-id=\"7fb2f9b\" data-element_type=\"widget\" data-widget_type=\"heading.default\">\n\t\t\t\t<div class=\"elementor-widget-container\">\n\t\t\t<h2 class=\"elementor-heading-title elementor-size-default\">Eventos<\/h2>\t\t<\/div>\n\t\t\t\t<\/div>\n\t\t\t\t\t\t<\/div>\n\t\t\t\t\t<\/div>\n\t\t<\/div>\n\t\t\t\t\t\t\t\t<\/div>\n\t\t\t\t\t<\/div>\n\t\t<\/section>\n\t\t\t\t<section class=\"elementor-section elementor-top-section elementor-element elementor-element-45c968e elementor-section-height-full elementor-section-boxed elementor-section-height-default elementor-section-items-middle\" data-id=\"45c968e\" data-element_type=\"section\">\n\t\t\t\t\t\t<div class=\"elementor-container elementor-column-gap-default\">\n\t\t\t\t\t\t\t<div class=\"elementor-row\">\n\t\t\t\t\t<div class=\"elementor-column elementor-col-50 elementor-top-column elementor-element elementor-element-2fa522f\" data-id=\"2fa522f\" data-element_type=\"column\">\n\t\t\t<div class=\"elementor-column-wrap elementor-element-populated\">\n\t\t\t\t\t\t\t<div class=\"elementor-widget-wrap\">\n\t\t\t\t\t\t<div class=\"elementor-element elementor-element-e9b5516 elementor-widget elementor-widget-heading\" data-id=\"e9b5516\" data-element_type=\"widget\" data-widget_type=\"heading.default\">\n\t\t\t\t<div class=\"elementor-widget-container\">\n\t\t\t<h2 class=\"elementor-heading-title elementor-size-default\">Julio<\/h2>\t\t<\/div>\n\t\t\t\t<\/div>\n\t\t\t\t<div class=\"elementor-element elementor-element-dbb5c25 elementor-widget-divider--view-line elementor-widget elementor-widget-divider\" data-id=\"dbb5c25\" data-element_type=\"widget\" data-widget_type=\"divider.default\">\n\t\t\t\t<div class=\"elementor-widget-container\">\n\t\t\t\t\t<div class=\"elementor-divider\">\n\t\t\t<span class=\"elementor-divider-separator\">\n\t\t\t\t\t\t<\/span>\n\t\t<\/div>\n\t\t\t\t<\/div>\n\t\t\t\t<\/div>\n\t\t\t\t<section class=\"elementor-section elementor-inner-section elementor-element elementor-element-82daa1d elementor-section-boxed elementor-section-height-default elementor-section-height-default\" data-id=\"82daa1d\" data-element_type=\"section\">\n\t\t\t\t\t\t<div class=\"elementor-container elementor-column-gap-default\">\n\t\t\t\t\t\t\t<div class=\"elementor-row\">\n\t\t\t\t\t<div class=\"elementor-column elementor-col-33 elementor-inner-column elementor-element elementor-element-53da4bf\" data-id=\"53da4bf\" data-element_type=\"column\">\n\t\t\t<div class=\"elementor-column-wrap elementor-element-populated\">\n\t\t\t\t\t\t\t<div class=\"elementor-widget-wrap\">\n\t\t\t\t\t\t<div class=\"elementor-element elementor-element-7dd5e55 elementor-widget elementor-widget-heading\" data-id=\"7dd5e55\" data-element_type=\"widget\" data-widget_type=\"heading.default\">\n\t\t\t\t<div class=\"elementor-widget-container\">\n\t\t\t<h2 class=\"elementor-heading-title elementor-size-default\">06<\/h2>\t\t<\/div>\n\t\t\t\t<\/div>\n\t\t\t\t\t\t<\/div>\n\t\t\t\t\t<\/div>\n\t\t<\/div>\n\t\t\t\t<div class=\"elementor-column elementor-col-33 elementor-inner-column elementor-element elementor-element-fcfd93a\" data-id=\"fcfd93a\" data-element_type=\"column\">\n\t\t\t<div class=\"elementor-column-wrap elementor-element-populated\">\n\t\t\t\t\t\t\t<div class=\"elementor-widget-wrap\">\n\t\t\t\t\t\t<div class=\"elementor-element elementor-element-81d25c0 elementor-widget elementor-widget-image\" data-id=\"81d25c0\" data-element_type=\"widget\" data-widget_type=\"image.default\">\n\t\t\t\t<div class=\"elementor-widget-container\">\n\t\t\t\t\t\t\t\t<div class=\"elementor-image\">\n\t\t\t\t\t\t\t\t\t\t\t\t<img width=\"694\" height=\"477\" src=\"https:\/\/qrnogoli.com.ar\/wp-content\/uploads\/2022\/05\/QR-Nogoli-Imagen-06-07.jpg\" class=\"attachment-large size-large wp-image-1259\" alt=\"\" loading=\"lazy\" srcset=\"https:\/\/qrnogoli.com.ar\/wp-content\/uploads\/2022\/05\/QR-Nogoli-Imagen-06-07.jpg 694w, https:\/\/qrnogoli.com.ar\/wp-content\/uploads\/2022\/05\/QR-Nogoli-Imagen-06-07-300x206.jpg 300w, https:\/\/qrnogoli.com.ar\/wp-content\/uploads\/2022\/05\/QR-Nogoli-Imagen-06-07-600x412.jpg 600w\" sizes=\"(max-width: 694px) 100vw, 694px\" \/>\t\t\t\t\t\t\t\t\t\t\t\t\t\t<\/div>\n\t\t\t\t\t\t<\/div>\n\t\t\t\t<\/div>\n\t\t\t\t\t\t<\/div>\n\t\t\t\t\t<\/div>\n\t\t<\/div>\n\t\t\t\t<div class=\"elementor-column elementor-col-33 elementor-inner-column elementor-element elementor-element-60f43e3\" data-id=\"60f43e3\" data-element_type=\"column\">\n\t\t\t<div class=\"elementor-column-wrap elementor-element-populated\">\n\t\t\t\t\t\t\t<div class=\"elementor-widget-wrap\">\n\t\t\t\t\t\t<div class=\"elementor-element elementor-element-cb9fdc5 elementor-widget elementor-widget-heading\" data-id=\"cb9fdc5\" data-element_type=\"widget\" data-widget_type=\"heading.default\">\n\t\t\t\t<div class=\"elementor-widget-container\">\n\t\t\t<h2 class=\"elementor-heading-title elementor-size-default\">Trekking a Los Remansos<\/h2>\t\t<\/div>\n\t\t\t\t<\/div>\n\t\t\t\t<div class=\"elementor-element elementor-element-43d777d elementor-widget elementor-widget-heading\" data-id=\"43d777d\" data-element_type=\"widget\" data-widget_type=\"heading.default\">\n\t\t\t\t<div class=\"elementor-widget-container\">\n\t\t\t<h2 class=\"elementor-heading-title elementor-size-default\"><span style=\"color: rgb(122, 122, 122); font-size: 15px; font-style: normal; font-weight: 400; white-space: normal;\">Mas ande otro criollo pasa Mart\u00edn Fierro ha de pasar, Nada la hace recular Ni las fantasmas lo espantan, hasta que&nbsp;<\/span><\/h2>\t\t<\/div>\n\t\t\t\t<\/div>\n\t\t\t\t\t\t<\/div>\n\t\t\t\t\t<\/div>\n\t\t<\/div>\n\t\t\t\t\t\t\t\t<\/div>\n\t\t\t\t\t<\/div>\n\t\t<\/section>\n\t\t\t\t<section class=\"elementor-section elementor-inner-section elementor-element elementor-element-525ae3b elementor-section-boxed elementor-section-height-default elementor-section-height-default\" data-id=\"525ae3b\" data-element_type=\"section\">\n\t\t\t\t\t\t<div class=\"elementor-container elementor-column-gap-default\">\n\t\t\t\t\t\t\t<div class=\"elementor-row\">\n\t\t\t\t\t<div class=\"elementor-column elementor-col-33 elementor-inner-column elementor-element elementor-element-8ff4e13\" data-id=\"8ff4e13\" data-element_type=\"column\">\n\t\t\t<div class=\"elementor-column-wrap elementor-element-populated\">\n\t\t\t\t\t\t\t<div class=\"elementor-widget-wrap\">\n\t\t\t\t\t\t<div class=\"elementor-element elementor-element-b47eded elementor-widget elementor-widget-heading\" data-id=\"b47eded\" data-element_type=\"widget\" data-widget_type=\"heading.default\">\n\t\t\t\t<div class=\"elementor-widget-container\">\n\t\t\t<h2 class=\"elementor-heading-title elementor-size-default\">12<\/h2>\t\t<\/div>\n\t\t\t\t<\/div>\n\t\t\t\t\t\t<\/div>\n\t\t\t\t\t<\/div>\n\t\t<\/div>\n\t\t\t\t<div class=\"elementor-column elementor-col-33 elementor-inner-column elementor-element elementor-element-ac9e772\" data-id=\"ac9e772\" data-element_type=\"column\">\n\t\t\t<div class=\"elementor-column-wrap elementor-element-populated\">\n\t\t\t\t\t\t\t<div class=\"elementor-widget-wrap\">\n\t\t\t\t\t\t<div class=\"elementor-element elementor-element-a588e57 elementor-widget elementor-widget-image\" data-id=\"a588e57\" data-element_type=\"widget\" data-widget_type=\"image.default\">\n\t\t\t\t<div class=\"elementor-widget-container\">\n\t\t\t\t\t\t\t\t<div class=\"elementor-image\">\n\t\t\t\t\t\t\t\t\t\t\t\t<img width=\"694\" height=\"476\" src=\"https:\/\/qrnogoli.com.ar\/wp-content\/uploads\/2022\/05\/QR-Nogoli-Imagen-12-07.jpg\" class=\"attachment-large size-large wp-image-1260\" alt=\"\" loading=\"lazy\" srcset=\"https:\/\/qrnogoli.com.ar\/wp-content\/uploads\/2022\/05\/QR-Nogoli-Imagen-12-07.jpg 694w, https:\/\/qrnogoli.com.ar\/wp-content\/uploads\/2022\/05\/QR-Nogoli-Imagen-12-07-300x206.jpg 300w, https:\/\/qrnogoli.com.ar\/wp-content\/uploads\/2022\/05\/QR-Nogoli-Imagen-12-07-600x412.jpg 600w\" sizes=\"(max-width: 694px) 100vw, 694px\" \/>\t\t\t\t\t\t\t\t\t\t\t\t\t\t<\/div>\n\t\t\t\t\t\t<\/div>\n\t\t\t\t<\/div>\n\t\t\t\t\t\t<\/div>\n\t\t\t\t\t<\/div>\n\t\t<\/div>\n\t\t\t\t<div class=\"elementor-column elementor-col-33 elementor-inner-column elementor-element elementor-element-0552e21\" data-id=\"0552e21\" data-element_type=\"column\">\n\t\t\t<div class=\"elementor-column-wrap elementor-element-populated\">\n\t\t\t\t\t\t\t<div class=\"elementor-widget-wrap\">\n\t\t\t\t\t\t<div class=\"elementor-element elementor-element-db917cf elementor-widget elementor-widget-heading\" data-id=\"db917cf\" data-element_type=\"widget\" data-widget_type=\"heading.default\">\n\t\t\t\t<div class=\"elementor-widget-container\">\n\t\t\t<h2 class=\"elementor-heading-title elementor-size-default\">Noche Folklorica<\/h2>\t\t<\/div>\n\t\t\t\t<\/div>\n\t\t\t\t<div class=\"elementor-element elementor-element-66186f7 elementor-widget elementor-widget-heading\" data-id=\"66186f7\" data-element_type=\"widget\" data-widget_type=\"heading.default\">\n\t\t\t\t<div class=\"elementor-widget-container\">\n\t\t\t<h2 class=\"elementor-heading-title elementor-size-default\"><span style=\"color: rgb(122, 122, 122); font-size: 15px; font-style: normal; font-weight: 400; white-space: normal;\">Mas ande otro criollo pasa Mart\u00edn Fierro ha de pasar, Nada la hace recular Ni las fantasmas lo espantan, hasta que&nbsp;<\/span><\/h2>\t\t<\/div>\n\t\t\t\t<\/div>\n\t\t\t\t\t\t<\/div>\n\t\t\t\t\t<\/div>\n\t\t<\/div>\n\t\t\t\t\t\t\t\t<\/div>\n\t\t\t\t\t<\/div>\n\t\t<\/section>\n\t\t\t\t<section class=\"elementor-section elementor-inner-section elementor-element elementor-element-ef45d02 elementor-section-boxed elementor-section-height-default elementor-section-height-default\" data-id=\"ef45d02\" data-element_type=\"section\">\n\t\t\t\t\t\t<div class=\"elementor-container elementor-column-gap-default\">\n\t\t\t\t\t\t\t<div class=\"elementor-row\">\n\t\t\t\t\t<div class=\"elementor-column elementor-col-33 elementor-inner-column elementor-element elementor-element-6ec0dba\" data-id=\"6ec0dba\" data-element_type=\"column\">\n\t\t\t<div class=\"elementor-column-wrap elementor-element-populated\">\n\t\t\t\t\t\t\t<div class=\"elementor-widget-wrap\">\n\t\t\t\t\t\t<div class=\"elementor-element elementor-element-1f06c13 elementor-widget elementor-widget-heading\" data-id=\"1f06c13\" data-element_type=\"widget\" data-widget_type=\"heading.default\">\n\t\t\t\t<div class=\"elementor-widget-container\">\n\t\t\t<h2 class=\"elementor-heading-title elementor-size-default\">23<\/h2>\t\t<\/div>\n\t\t\t\t<\/div>\n\t\t\t\t\t\t<\/div>\n\t\t\t\t\t<\/div>\n\t\t<\/div>\n\t\t\t\t<div class=\"elementor-column elementor-col-33 elementor-inner-column elementor-element elementor-element-2ad904b\" data-id=\"2ad904b\" data-element_type=\"column\">\n\t\t\t<div class=\"elementor-column-wrap elementor-element-populated\">\n\t\t\t\t\t\t\t<div class=\"elementor-widget-wrap\">\n\t\t\t\t\t\t<div class=\"elementor-element elementor-element-52b5c8c elementor-widget elementor-widget-image\" data-id=\"52b5c8c\" data-element_type=\"widget\" data-widget_type=\"image.default\">\n\t\t\t\t<div class=\"elementor-widget-container\">\n\t\t\t\t\t\t\t\t<div class=\"elementor-image\">\n\t\t\t\t\t\t\t\t\t\t\t\t<img width=\"694\" height=\"476\" src=\"https:\/\/qrnogoli.com.ar\/wp-content\/uploads\/2022\/05\/QR-Nogoli-Imagen-23-07.jpg\" class=\"attachment-large size-large wp-image-1261\" alt=\"\" loading=\"lazy\" srcset=\"https:\/\/qrnogoli.com.ar\/wp-content\/uploads\/2022\/05\/QR-Nogoli-Imagen-23-07.jpg 694w, https:\/\/qrnogoli.com.ar\/wp-content\/uploads\/2022\/05\/QR-Nogoli-Imagen-23-07-300x206.jpg 300w, https:\/\/qrnogoli.com.ar\/wp-content\/uploads\/2022\/05\/QR-Nogoli-Imagen-23-07-600x412.jpg 600w\" sizes=\"(max-width: 694px) 100vw, 694px\" \/>\t\t\t\t\t\t\t\t\t\t\t\t\t\t<\/div>\n\t\t\t\t\t\t<\/div>\n\t\t\t\t<\/div>\n\t\t\t\t\t\t<\/div>\n\t\t\t\t\t<\/div>\n\t\t<\/div>\n\t\t\t\t<div class=\"elementor-column elementor-col-33 elementor-inner-column elementor-element elementor-element-2affaea\" data-id=\"2affaea\" data-element_type=\"column\">\n\t\t\t<div class=\"elementor-column-wrap elementor-element-populated\">\n\t\t\t\t\t\t\t<div class=\"elementor-widget-wrap\">\n\t\t\t\t\t\t<div class=\"elementor-element elementor-element-93f5f7d elementor-widget elementor-widget-heading\" data-id=\"93f5f7d\" data-element_type=\"widget\" data-widget_type=\"heading.default\">\n\t\t\t\t<div class=\"elementor-widget-container\">\n\t\t\t<h2 class=\"elementor-heading-title elementor-size-default\">1ra Edici\u00f3n de Nogol\u00ed Race<\/h2>\t\t<\/div>\n\t\t\t\t<\/div>\n\t\t\t\t<div class=\"elementor-element elementor-element-ef63fca elementor-widget elementor-widget-heading\" data-id=\"ef63fca\" data-element_type=\"widget\" data-widget_type=\"heading.default\">\n\t\t\t\t<div class=\"elementor-widget-container\">\n\t\t\t<h2 class=\"elementor-heading-title elementor-size-default\"><span style=\"color: rgb(122, 122, 122); font-size: 15px; font-style: normal; font-weight: 400; white-space: normal;\">Mas ande otro criollo pasa Mart\u00edn Fierro ha de pasar, Nada la hace recular Ni las fantasmas lo espantan, hasta que&nbsp;<\/span><\/h2>\t\t<\/div>\n\t\t\t\t<\/div>\n\t\t\t\t\t\t<\/div>\n\t\t\t\t\t<\/div>\n\t\t<\/div>\n\t\t\t\t\t\t\t\t<\/div>\n\t\t\t\t\t<\/div>\n\t\t<\/section>\n\t\t\t\t\t\t<\/div>\n\t\t\t\t\t<\/div>\n\t\t<\/div>\n\t\t\t\t<div class=\"elementor-column elementor-col-50 elementor-top-column elementor-element elementor-element-3fab630\" data-id=\"3fab630\" data-element_type=\"column\" data-settings=\"{&quot;background_background&quot;:&quot;classic&quot;}\">\n\t\t\t<div class=\"elementor-column-wrap elementor-element-populated\">\n\t\t\t\t\t\t\t<div class=\"elementor-widget-wrap\">\n\t\t\t\t\t\t<section class=\"elementor-section elementor-inner-section elementor-element elementor-element-0276d4b elementor-section-height-full elementor-section-boxed elementor-section-height-default\" data-id=\"0276d4b\" data-element_type=\"section\">\n\t\t\t\t\t\t<div class=\"elementor-container elementor-column-gap-default\">\n\t\t\t\t\t\t\t<div class=\"elementor-row\">\n\t\t\t\t\t<div class=\"elementor-column elementor-col-100 elementor-inner-column elementor-element elementor-element-a09c83f\" data-id=\"a09c83f\" data-element_type=\"column\">\n\t\t\t<div class=\"elementor-column-wrap elementor-element-populated\">\n\t\t\t\t\t\t\t<div class=\"elementor-widget-wrap\">\n\t\t\t\t\t\t<div class=\"elementor-element elementor-element-65662a0 elementor-widget elementor-widget-image\" data-id=\"65662a0\" data-element_type=\"widget\" data-widget_type=\"image.default\">\n\t\t\t\t<div class=\"elementor-widget-container\">\n\t\t\t\t\t\t\t\t<div class=\"elementor-image\">\n\t\t\t\t\t\t\t\t\t\t\t\t\t<a href=\"https:\/\/qrnogoli.com.ar\/index.php\/2022\/05\/09\/fit-2021\/\">\n\t\t\t\t\t\t\t<img width=\"1024\" height=\"465\" src=\"https:\/\/qrnogoli.com.ar\/wp-content\/uploads\/2022\/05\/QR-Nogoli-Imagen-FIT-2021-1024x465.jpg\" class=\"elementor-animation-shrink attachment-large size-large wp-image-1305\" alt=\"\" loading=\"lazy\" srcset=\"https:\/\/qrnogoli.com.ar\/wp-content\/uploads\/2022\/05\/QR-Nogoli-Imagen-FIT-2021-1024x465.jpg 1024w, https:\/\/qrnogoli.com.ar\/wp-content\/uploads\/2022\/05\/QR-Nogoli-Imagen-FIT-2021-300x136.jpg 300w, https:\/\/qrnogoli.com.ar\/wp-content\/uploads\/2022\/05\/QR-Nogoli-Imagen-FIT-2021-768x349.jpg 768w, https:\/\/qrnogoli.com.ar\/wp-content\/uploads\/2022\/05\/QR-Nogoli-Imagen-FIT-2021-1536x697.jpg 1536w, https:\/\/qrnogoli.com.ar\/wp-content\/uploads\/2022\/05\/QR-Nogoli-Imagen-FIT-2021-600x272.jpg 600w, https:\/\/qrnogoli.com.ar\/wp-content\/uploads\/2022\/05\/QR-Nogoli-Imagen-FIT-2021.jpg 2003w\" sizes=\"(max-width: 1024px) 100vw, 1024px\" \/>\t\t\t\t\t\t\t\t<\/a>\n\t\t\t\t\t\t\t\t\t\t\t\t\t\t<\/div>\n\t\t\t\t\t\t<\/div>\n\t\t\t\t<\/div>\n\t\t\t\t<div class=\"elementor-element elementor-element-2d06425 elementor-widget elementor-widget-heading\" data-id=\"2d06425\" data-element_type=\"widget\" data-widget_type=\"heading.default\">\n\t\t\t\t<div class=\"elementor-widget-container\">\n\t\t\t<h2 class=\"elementor-heading-title elementor-size-default\">FIT 2021<\/h2>\t\t<\/div>\n\t\t\t\t<\/div>\n\t\t\t\t<div class=\"elementor-element elementor-element-6769553 elementor-widget elementor-widget-text-editor\" data-id=\"6769553\" data-element_type=\"widget\" data-widget_type=\"text-editor.default\">\n\t\t\t\t<div class=\"elementor-widget-container\">\n\t\t\t\t\t\t\t\t<div class=\"elementor-text-editor elementor-clearfix\">\n\t\t\t\t<div class=\"jZmLbb\"><span style=\"font-size: 16px;\">El evento supero toda expectativa al recibir mas de 73000 personas durante los cuatro d\u00edas.<\/span><\/div>\t\t\t\t\t<\/div>\n\t\t\t\t\t\t<\/div>\n\t\t\t\t<\/div>\n\t\t\t\t<div class=\"elementor-element elementor-element-e98a57b elementor-widget elementor-widget-image\" data-id=\"e98a57b\" data-element_type=\"widget\" data-widget_type=\"image.default\">\n\t\t\t\t<div class=\"elementor-widget-container\">\n\t\t\t\t\t\t\t\t<div class=\"elementor-image\">\n\t\t\t\t\t\t\t\t\t\t\t\t\t<a href=\"https:\/\/qrnogoli.com.ar\/index.php\/2022\/05\/07\/fiesta-de-las-aguas-claras-2022\/\">\n\t\t\t\t\t\t\t<img width=\"1024\" height=\"464\" src=\"https:\/\/qrnogoli.com.ar\/wp-content\/uploads\/2022\/05\/QR-Nogoli-Imagen-Aguas-Claras-1024x464.jpg\" class=\"elementor-animation-shrink attachment-large size-large wp-image-1250\" alt=\"\" loading=\"lazy\" srcset=\"https:\/\/qrnogoli.com.ar\/wp-content\/uploads\/2022\/05\/QR-Nogoli-Imagen-Aguas-Claras-1024x464.jpg 1024w, https:\/\/qrnogoli.com.ar\/wp-content\/uploads\/2022\/05\/QR-Nogoli-Imagen-Aguas-Claras-300x136.jpg 300w, https:\/\/qrnogoli.com.ar\/wp-content\/uploads\/2022\/05\/QR-Nogoli-Imagen-Aguas-Claras-768x348.jpg 768w, https:\/\/qrnogoli.com.ar\/wp-content\/uploads\/2022\/05\/QR-Nogoli-Imagen-Aguas-Claras-600x272.jpg 600w, https:\/\/qrnogoli.com.ar\/wp-content\/uploads\/2022\/05\/QR-Nogoli-Imagen-Aguas-Claras.jpg 1037w\" sizes=\"(max-width: 1024px) 100vw, 1024px\" \/>\t\t\t\t\t\t\t\t<\/a>\n\t\t\t\t\t\t\t\t\t\t\t\t\t\t<\/div>\n\t\t\t\t\t\t<\/div>\n\t\t\t\t<\/div>\n\t\t\t\t<div class=\"elementor-element elementor-element-f0e859a elementor-widget elementor-widget-heading\" data-id=\"f0e859a\" data-element_type=\"widget\" data-widget_type=\"heading.default\">\n\t\t\t\t<div class=\"elementor-widget-container\">\n\t\t\t<h2 class=\"elementor-heading-title elementor-size-default\">Festival de las Aguas Claras<\/h2>\t\t<\/div>\n\t\t\t\t<\/div>\n\t\t\t\t<div class=\"elementor-element elementor-element-8632eb3 elementor-widget elementor-widget-text-editor\" data-id=\"8632eb3\" data-element_type=\"widget\" data-widget_type=\"text-editor.default\">\n\t\t\t\t<div class=\"elementor-widget-container\">\n\t\t\t\t\t\t\t\t<div class=\"elementor-text-editor elementor-clearfix\">\n\t\t\t\t<div class=\"jZmLbb\"><span style=\"font-size: 16px;\">Una multitud disfrut\u00f3 del Festival de las Aguas Claras entre m\u00fasica, baile y comidas t\u00edpicas &#8211; Sorteos y Ganadores<\/span><\/div>\t\t\t\t\t<\/div>\n\t\t\t\t\t\t<\/div>\n\t\t\t\t<\/div>\n\t\t\t\t\t\t<\/div>\n\t\t\t\t\t<\/div>\n\t\t<\/div>\n\t\t\t\t\t\t\t\t<\/div>\n\t\t\t\t\t<\/div>\n\t\t<\/section>\n\t\t\t\t\t\t<\/div>\n\t\t\t\t\t<\/div>\n\t\t<\/div>\n\t\t\t\t\t\t\t\t<\/div>\n\t\t\t\t\t<\/div>\n\t\t<\/section>\n\t\t\t\t\t\t\t\t\t<\/div>\n\t\t\t<\/div>\n\t\t\t\t\t<\/div>\n\t\t","protected":false},"excerpt":{"rendered":"<p>Eventos Julio 06 Trekking a Los Remansos Mas ande otro criollo pasa Mart\u00edn Fierro ha de pasar, Nada la hace recular Ni las fantasmas lo espantan, hasta que&nbsp; 12 Noche Folklorica Mas ande otro criollo pasa Mart\u00edn Fierro ha de pasar, Nada la hace recular Ni las fantasmas lo espantan, hasta que&nbsp; 23 1ra Edici\u00f3n &hellip;<\/p>\n<p class=\"read-more\"> <a class=\"\" href=\"https:\/\/qrnogoli.com.ar\/index.php\/eventos\/\"> <span class=\"screen-reader-text\">Eventos<\/span> Leer m\u00e1s &raquo;<\/a><\/p>\n","protected":false},"author":1,"featured_media":0,"parent":0,"menu_order":0,"comment_status":"closed","ping_status":"closed","template":"elementor_header_footer","meta":[],"_links":{"self":[{"href":"https:\/\/qrnogoli.com.ar\/index.php\/wp-json\/wp\/v2\/pages\/1209"}],"collection":[{"href":"https:\/\/qrnogoli.com.ar\/index.php\/wp-json\/wp\/v2\/pages"}],"about":[{"href":"https:\/\/qrnogoli.com.ar\/index.php\/wp-json\/wp\/v2\/types\/page"}],"author":[{"embeddable":true,"href":"https:\/\/qrnogoli.com.ar\/index.php\/wp-json\/wp\/v2\/users\/1"}],"replies":[{"embeddable":true,"href":"https:\/\/qrnogoli.com.ar\/index.php\/wp-json\/wp\/v2\/comments?post=1209"}],"version-history":[{"count":55,"href":"https:\/\/qrnogoli.com.ar\/index.php\/wp-json\/wp\/v2\/pages\/1209\/revisions"}],"predecessor-version":[{"id":1354,"href":"https:\/\/qrnogoli.com.ar\/index.php\/wp-json\/wp\/v2\/pages\/1209\/revisions\/1354"}],"wp:attachment":[{"href":"https:\/\/qrnogoli.com.ar\/index.php\/wp-json\/wp\/v2\/media?parent=1209"}],"curies":[{"name":"wp","href":"https:\/\/api.w.org\/{rel}","templated":true}]}}