{"id":551,"date":"2020-11-24T15:13:55","date_gmt":"2020-11-24T18:13:55","guid":{"rendered":"http:\/\/qrnogoli.com.ar\/?post_type=product&#038;p=551"},"modified":"2020-11-24T16:26:37","modified_gmt":"2020-11-24T19:26:37","slug":"parador-aguas-claras","status":"publish","type":"product","link":"https:\/\/qrnogoli.com.ar\/index.php\/product\/parador-aguas-claras\/","title":{"rendered":"Parador AGUAS CLARAS"},"content":{"rendered":"","protected":false},"excerpt":{"rendered":"<p>Parador donde podras contar con una mesa + Bancos + Parrilla personal&#8230; Disfrutar del R\u00edo y cuenta con Ba\u00f1os&#8230;  Ubicado en el perilago del Dique Nogol\u00ed<\/p>\n","protected":false},"featured_media":553,"comment_status":"open","ping_status":"closed","template":"","meta":[],"product_cat":[27,35,17,36],"product_tag":[29,18,37,25,21,38],"_links":{"self":[{"href":"https:\/\/qrnogoli.com.ar\/index.php\/wp-json\/wp\/v2\/product\/551"}],"collection":[{"href":"https:\/\/qrnogoli.com.ar\/index.php\/wp-json\/wp\/v2\/product"}],"about":[{"href":"https:\/\/qrnogoli.com.ar\/index.php\/wp-json\/wp\/v2\/types\/product"}],"replies":[{"embeddable":true,"href":"https:\/\/qrnogoli.com.ar\/index.php\/wp-json\/wp\/v2\/comments?post=551"}],"wp:featuredmedia":[{"embeddable":true,"href":"https:\/\/qrnogoli.com.ar\/index.php\/wp-json\/wp\/v2\/media\/553"}],"wp:attachment":[{"href":"https:\/\/qrnogoli.com.ar\/index.php\/wp-json\/wp\/v2\/media?parent=551"}],"wp:term":[{"taxonomy":"product_cat","embeddable":true,"href":"https:\/\/qrnogoli.com.ar\/index.php\/wp-json\/wp\/v2\/product_cat?post=551"},{"taxonomy":"product_tag","embeddable":true,"href":"https:\/\/qrnogoli.com.ar\/index.php\/wp-json\/wp\/v2\/product_tag?post=551"}],"curies":[{"name":"wp","href":"https:\/\/api.w.org\/{rel}","templated":true}]}}